{"id":19,"date":"2024-05-23T13:09:00","date_gmt":"2024-05-23T13:09:00","guid":{"rendered":"https:\/\/gmovilsas.com.co\/?page_id=19"},"modified":"2025-05-22T00:09:05","modified_gmt":"2025-05-22T00:09:05","slug":"reorganizacion-2","status":"publish","type":"page","link":"https:\/\/gmovilsas.com.co\/index.php\/reorganizacion-2\/","title":{"rendered":"Reorganizaci\u00f3n"},"content":{"rendered":"\t\t<div data-elementor-type=\"wp-page\" data-elementor-id=\"19\" class=\"elementor elementor-19\">\n\t\t\t\t<div class=\"elementor-element elementor-element-0e89032 e-flex e-con-boxed e-con e-parent\" data-id=\"0e89032\" data-element_type=\"container\">\n\t\t\t\t\t<div class=\"e-con-inner\">\n\t\t\t\t<div class=\"elementor-element elementor-element-f57d791 elementor-widget elementor-widget-image\" data-id=\"f57d791\" data-element_type=\"widget\" data-widget_type=\"image.default\">\n\t\t\t\t<div class=\"elementor-widget-container\">\n\t\t\t\t\t\t\t\t\t\t\t\t\t\t\t<img fetchpriority=\"high\" decoding=\"async\" width=\"3000\" height=\"1000\" src=\"https:\/\/gmovilsas.com.co\/wp-content\/uploads\/2024\/11\/BANNER-1.jpg\" class=\"attachment-full size-full wp-image-1150\" alt=\"\" \/>\t\t\t\t\t\t\t\t\t\t\t\t\t\t\t<\/div>\n\t\t\t\t<\/div>\n\t\t\t\t\t<\/div>\n\t\t\t\t<\/div>\n\t\t<div class=\"elementor-element elementor-element-d4bc382 e-flex e-con-boxed e-con e-parent\" data-id=\"d4bc382\" data-element_type=\"container\">\n\t\t\t\t\t<div class=\"e-con-inner\">\n\t\t<div class=\"elementor-element elementor-element-cb9f4d3 e-flex e-con-boxed e-con e-child\" data-id=\"cb9f4d3\" data-element_type=\"container\">\n\t\t\t\t\t<div class=\"e-con-inner\">\n\t\t\t\t<div class=\"elementor-element elementor-element-2c48aac elementor-widget elementor-widget-heading\" data-id=\"2c48aac\" data-element_type=\"widget\" data-widget_type=\"heading.default\">\n\t\t\t\t<div class=\"elementor-widget-container\">\n\t\t\t\t\t<h2 class=\"elementor-heading-title elementor-size-default\">Nuestra nueva etapa en Gm\u00f3vil comienza<\/h2>\t\t\t\t<\/div>\n\t\t\t\t<\/div>\n\t\t\t\t\t<\/div>\n\t\t\t\t<\/div>\n\t\t\t\t\t<\/div>\n\t\t\t\t<\/div>\n\t\t<div class=\"elementor-element elementor-element-d190986 e-flex e-con-boxed e-con e-parent\" data-id=\"d190986\" data-element_type=\"container\">\n\t\t\t\t\t<div class=\"e-con-inner\">\n\t\t<div class=\"elementor-element elementor-element-d102211 e-flex e-con-boxed e-con e-child\" data-id=\"d102211\" data-element_type=\"container\">\n\t\t\t\t\t<div class=\"e-con-inner\">\n\t\t<div class=\"elementor-element elementor-element-69277c6 e-con-full e-flex e-con e-child\" data-id=\"69277c6\" data-element_type=\"container\">\n\t\t\t\t<div class=\"elementor-element elementor-element-db5314c elementor-widget elementor-widget-text-editor\" data-id=\"db5314c\" data-element_type=\"widget\" data-widget_type=\"text-editor.default\">\n\t\t\t\t<div class=\"elementor-widget-container\">\n\t\t\t\t\t\t\t\t\t<p>Para <strong>asegurar la sostenibilidad de nuestra operaci\u00f3n, <\/strong>hemos decidido iniciar <strong>un proceso de reorganizaci\u00f3n empresarial.<\/strong> Esta decisi\u00f3n nos permitir\u00e1 reestructurar nuestras deudas, <strong>garantizar la continuidad del servicio que ofrecemos a nuestros usuarios<\/strong> y <strong>proteger el bienestar de todos en Gm\u00f3vil<\/strong>.\u00a0<\/p><p>Estamos seguros de que esta es la mejor decisi\u00f3n para <strong>asegurar el futuro de Gm\u00f3vil<\/strong> y <strong>seguir brindando un servicio de calidad.<\/strong><\/p>\t\t\t\t\t\t\t\t<\/div>\n\t\t\t\t<\/div>\n\t\t\t\t<\/div>\n\t\t\t\t\t<\/div>\n\t\t\t\t<\/div>\n\t\t\t\t\t<\/div>\n\t\t\t\t<\/div>\n\t\t<div class=\"elementor-element elementor-element-25974e7 e-flex e-con-boxed e-con e-parent\" data-id=\"25974e7\" data-element_type=\"container\">\n\t\t\t\t\t<div class=\"e-con-inner\">\n\t\t<div class=\"elementor-element elementor-element-541b803 e-flex e-con-boxed e-con e-child\" data-id=\"541b803\" data-element_type=\"container\">\n\t\t\t\t\t<div class=\"e-con-inner\">\n\t\t\t\t<div class=\"elementor-element elementor-element-682a9ec elementor-widget elementor-widget-heading\" data-id=\"682a9ec\" data-element_type=\"widget\" data-widget_type=\"heading.default\">\n\t\t\t\t<div class=\"elementor-widget-container\">\n\t\t\t\t\t<h2 class=\"elementor-heading-title elementor-size-default\">\u00bfQu\u00e9 es una Reorganizaci\u00f3n empresarial?<\/h2>\t\t\t\t<\/div>\n\t\t\t\t<\/div>\n\t\t\t\t\t<\/div>\n\t\t\t\t<\/div>\n\t\t\t\t\t<\/div>\n\t\t\t\t<\/div>\n\t\t<div class=\"elementor-element elementor-element-5f8d7c7 e-flex e-con-boxed e-con e-parent\" data-id=\"5f8d7c7\" data-element_type=\"container\">\n\t\t\t\t\t<div class=\"e-con-inner\">\n\t\t\t\t<div class=\"elementor-element elementor-element-e9bce15 elementor-widget elementor-widget-text-editor\" data-id=\"e9bce15\" data-element_type=\"widget\" data-widget_type=\"text-editor.default\">\n\t\t\t\t<div class=\"elementor-widget-container\">\n\t\t\t\t\t\t\t\t\t<p>La reorganizaci\u00f3n empresarial <strong>es un proceso que ayuda a las empresas<\/strong> a reestructurar sus deudas para seguir funcionando con normalidad, su objetivo es apoyar a las empresas que son viables, permiti\u00e9ndoles resolver sus necesidades financieras y llegar a acuerdos de pago <strong>manteniendo continuidad de sus operaciones.<\/strong><\/p>\t\t\t\t\t\t\t\t<\/div>\n\t\t\t\t<\/div>\n\t\t\t\t\t<\/div>\n\t\t\t\t<\/div>\n\t\t<div class=\"elementor-element elementor-element-40c35ae e-flex e-con-boxed e-con e-parent\" data-id=\"40c35ae\" data-element_type=\"container\">\n\t\t\t\t\t<div class=\"e-con-inner\">\n\t\t<div class=\"elementor-element elementor-element-165e688 e-flex e-con-boxed e-con e-child\" data-id=\"165e688\" data-element_type=\"container\">\n\t\t\t\t\t<div class=\"e-con-inner\">\n\t\t\t\t<div class=\"elementor-element elementor-element-9076992 elementor-widget elementor-widget-heading\" data-id=\"9076992\" data-element_type=\"widget\" data-widget_type=\"heading.default\">\n\t\t\t\t<div class=\"elementor-widget-container\">\n\t\t\t\t\t<h2 class=\"elementor-heading-title elementor-size-default\">\u00bfEsto significa que Gm\u00f3vil va a parar su operaci\u00f3n?<\/h2>\t\t\t\t<\/div>\n\t\t\t\t<\/div>\n\t\t\t\t\t<\/div>\n\t\t\t\t<\/div>\n\t\t\t\t\t<\/div>\n\t\t\t\t<\/div>\n\t\t<div class=\"elementor-element elementor-element-3e8eed7 e-flex e-con-boxed e-con e-parent\" data-id=\"3e8eed7\" data-element_type=\"container\">\n\t\t\t\t\t<div class=\"e-con-inner\">\n\t\t<div class=\"elementor-element elementor-element-80384cb e-flex e-con-boxed e-con e-child\" data-id=\"80384cb\" data-element_type=\"container\">\n\t\t\t\t\t<div class=\"e-con-inner\">\n\t\t\t\t<div class=\"elementor-element elementor-element-50d5786 elementor-widget elementor-widget-text-editor\" data-id=\"50d5786\" data-element_type=\"widget\" data-widget_type=\"text-editor.default\">\n\t\t\t\t<div class=\"elementor-widget-container\">\n\t\t\t\t\t\t\t\t\t<p><strong>\u00a1Claro que no! <\/strong>Esta es una gran oportunidad para <strong>fortalecer nuestra situaci\u00f3n financiera en el corto plazo,<\/strong> mientras <strong>seguimos adelante con nuestra operaci\u00f3n. Seguimos aqu\u00ed para continuar movilizando los sue\u00f1os de nuestros millones de usuarios,<\/strong> <strong>proteger a nuestros colaboradores<\/strong> y cumplir con los compromisos con <strong>nuestros proveedores.<\/strong><\/p><p>Muchas empresas exitosas han accedido a este proceso para salir fortalecidas. <strong>Estamos confiados en que Gm\u00f3vil tambi\u00e9n lograr\u00e1 superar este desaf\u00edo.<\/strong><\/p>\t\t\t\t\t\t\t\t<\/div>\n\t\t\t\t<\/div>\n\t\t\t\t\t<\/div>\n\t\t\t\t<\/div>\n\t\t\t\t\t<\/div>\n\t\t\t\t<\/div>\n\t\t<div class=\"elementor-element elementor-element-e1dd166 e-flex e-con-boxed e-con e-parent\" data-id=\"e1dd166\" data-element_type=\"container\">\n\t\t\t\t\t<div class=\"e-con-inner\">\n\t\t<div class=\"elementor-element elementor-element-6639294 e-flex e-con-boxed e-con e-child\" data-id=\"6639294\" data-element_type=\"container\">\n\t\t\t\t\t<div class=\"e-con-inner\">\n\t\t\t\t<div class=\"elementor-element elementor-element-4f65d41 elementor-widget elementor-widget-heading\" data-id=\"4f65d41\" data-element_type=\"widget\" data-widget_type=\"heading.default\">\n\t\t\t\t<div class=\"elementor-widget-container\">\n\t\t\t\t\t<h2 class=\"elementor-heading-title elementor-size-default\">\u00bfQu\u00e9 afectaci\u00f3n tengo como usuario?<\/h2>\t\t\t\t<\/div>\n\t\t\t\t<\/div>\n\t\t\t\t\t<\/div>\n\t\t\t\t<\/div>\n\t\t\t\t\t<\/div>\n\t\t\t\t<\/div>\n\t\t<div class=\"elementor-element elementor-element-48b5aac e-flex e-con-boxed e-con e-parent\" data-id=\"48b5aac\" data-element_type=\"container\">\n\t\t\t\t\t<div class=\"e-con-inner\">\n\t\t<div class=\"elementor-element elementor-element-997bd55 e-flex e-con-boxed e-con e-child\" data-id=\"997bd55\" data-element_type=\"container\">\n\t\t\t\t\t<div class=\"e-con-inner\">\n\t\t\t\t<div class=\"elementor-element elementor-element-18a171f elementor-widget elementor-widget-text-editor\" data-id=\"18a171f\" data-element_type=\"widget\" data-widget_type=\"text-editor.default\">\n\t\t\t\t<div class=\"elementor-widget-container\">\n\t\t\t\t\t\t\t\t\t<p>\u00a1Ninguna! <strong>Mantenemos nuestro compromiso con la movilidad de Bogot\u00e1,<\/strong> nuestros usuarios continuar\u00e1n recibiendo un <strong>servicio de calidad<\/strong> para transportase diariamente en nuestra ciudad. <strong>\u00a1Continuaremos operando con normalidad!<\/strong><\/p><p><strong>\u00a1Tus viajes seguir\u00e1n siendo c\u00f3modos y seguros!<br \/><br \/>\u00a1Somos gente que mueve gente!<\/strong><\/p>\t\t\t\t\t\t\t\t<\/div>\n\t\t\t\t<\/div>\n\t\t\t\t\t<\/div>\n\t\t\t\t<\/div>\n\t\t\t\t\t<\/div>\n\t\t\t\t<\/div>\n\t\t<div class=\"elementor-element elementor-element-27592b4 e-flex e-con-boxed e-con e-parent\" data-id=\"27592b4\" data-element_type=\"container\">\n\t\t\t\t\t<div class=\"e-con-inner\">\n\t\t<div class=\"elementor-element elementor-element-4190ff8 e-flex e-con-boxed e-con e-child\" data-id=\"4190ff8\" data-element_type=\"container\">\n\t\t\t\t\t<div class=\"e-con-inner\">\n\t\t\t\t<div class=\"elementor-element elementor-element-e0ef1a0 elementor-widget-divider--view-line_icon elementor-view-default elementor-widget-divider--element-align-center elementor-widget elementor-widget-divider\" data-id=\"e0ef1a0\" data-element_type=\"widget\" data-widget_type=\"divider.default\">\n\t\t\t\t<div class=\"elementor-widget-container\">\n\t\t\t\t\t\t\t<div class=\"elementor-divider\">\n\t\t\t<span class=\"elementor-divider-separator\">\n\t\t\t\t\t\t\t<div class=\"elementor-icon elementor-divider__element\">\n\t\t\t\t\t<svg aria-hidden=\"true\" class=\"e-font-icon-svg e-far-folder-open\" viewBox=\"0 0 576 512\" xmlns=\"http:\/\/www.w3.org\/2000\/svg\"><path d=\"M527.9 224H480v-48c0-26.5-21.5-48-48-48H272l-64-64H48C21.5 64 0 85.5 0 112v288c0 26.5 21.5 48 48 48h400c16.5 0 31.9-8.5 40.7-22.6l79.9-128c20-31.9-3-73.4-40.7-73.4zM48 118c0-3.3 2.7-6 6-6h134.1l64 64H426c3.3 0 6 2.7 6 6v42H152c-16.8 0-32.4 8.8-41.1 23.2L48 351.4zm400 282H72l77.2-128H528z\"><\/path><\/svg><\/div>\n\t\t\t\t\t\t<\/span>\n\t\t<\/div>\n\t\t\t\t\t\t<\/div>\n\t\t\t\t<\/div>\n\t\t\t\t\t<\/div>\n\t\t\t\t<\/div>\n\t\t\t\t\t<\/div>\n\t\t\t\t<\/div>\n\t\t<div class=\"elementor-element elementor-element-9a61d67 e-flex e-con-boxed e-con e-parent\" data-id=\"9a61d67\" data-element_type=\"container\">\n\t\t\t\t\t<div class=\"e-con-inner\">\n\t\t<div class=\"elementor-element elementor-element-f107c7a e-flex e-con-boxed e-con e-child\" data-id=\"f107c7a\" data-element_type=\"container\">\n\t\t\t\t\t<div class=\"e-con-inner\">\n\t\t\t\t<div class=\"elementor-element elementor-element-8ee0d98 elementor-widget elementor-widget-heading\" data-id=\"8ee0d98\" data-element_type=\"widget\" data-widget_type=\"heading.default\">\n\t\t\t\t<div class=\"elementor-widget-container\">\n\t\t\t\t\t<h2 class=\"elementor-heading-title elementor-size-default\">Documentos de inter\u00e9s<\/h2>\t\t\t\t<\/div>\n\t\t\t\t<\/div>\n\t\t\t\t\t<\/div>\n\t\t\t\t<\/div>\n\t\t\t\t\t<\/div>\n\t\t\t\t<\/div>\n\t\t<div class=\"elementor-element elementor-element-1290bed e-flex e-con-boxed e-con e-parent\" data-id=\"1290bed\" data-element_type=\"container\">\n\t\t\t\t\t<div class=\"e-con-inner\">\n\t\t<div class=\"elementor-element elementor-element-c63a247 e-flex e-con-boxed e-con e-child\" data-id=\"c63a247\" data-element_type=\"container\">\n\t\t\t\t\t<div class=\"e-con-inner\">\n\t\t<div class=\"elementor-element elementor-element-de0363e e-con-full e-flex e-con e-child\" data-id=\"de0363e\" data-element_type=\"container\">\n\t\t\t\t<div class=\"elementor-element elementor-element-0a5e3c2 elementor-view-default elementor-widget elementor-widget-icon\" data-id=\"0a5e3c2\" data-element_type=\"widget\" data-widget_type=\"icon.default\">\n\t\t\t\t<div class=\"elementor-widget-container\">\n\t\t\t\t\t\t\t<div class=\"elementor-icon-wrapper\">\n\t\t\t<div class=\"elementor-icon\">\n\t\t\t<svg aria-hidden=\"true\" class=\"e-font-icon-svg e-far-arrow-alt-circle-down\" viewBox=\"0 0 512 512\" xmlns=\"http:\/\/www.w3.org\/2000\/svg\"><path d=\"M256 8C119 8 8 119 8 256s111 248 248 248 248-111 248-248S393 8 256 8zm0 448c-110.5 0-200-89.5-200-200S145.5 56 256 56s200 89.5 200 200-89.5 200-200 200zm-32-316v116h-67c-10.7 0-16 12.9-8.5 20.5l99 99c4.7 4.7 12.3 4.7 17 0l99-99c7.6-7.6 2.2-20.5-8.5-20.5h-67V140c0-6.6-5.4-12-12-12h-40c-6.6 0-12 5.4-12 12z\"><\/path><\/svg>\t\t\t<\/div>\n\t\t<\/div>\n\t\t\t\t\t\t<\/div>\n\t\t\t\t<\/div>\n\t\t\t\t<\/div>\n\t\t<div class=\"elementor-element elementor-element-11a1798 e-con-full e-flex e-con e-child\" data-id=\"11a1798\" data-element_type=\"container\">\n\t\t\t\t<div class=\"elementor-element elementor-element-cba609a elementor-widget elementor-widget-text-editor\" data-id=\"cba609a\" data-element_type=\"widget\" data-widget_type=\"text-editor.default\">\n\t\t\t\t<div class=\"elementor-widget-container\">\n\t\t\t\t\t\t\t\t\t<p><strong>Aviso Reorganizaci\u00f3n<\/strong><\/p>\t\t\t\t\t\t\t\t<\/div>\n\t\t\t\t<\/div>\n\t\t\t\t<\/div>\n\t\t<div class=\"elementor-element elementor-element-4421973 e-con-full e-flex e-con e-child\" data-id=\"4421973\" data-element_type=\"container\">\n\t\t\t\t<div class=\"elementor-element elementor-element-713073f elementor-align-left elementor-widget elementor-widget-button\" data-id=\"713073f\" data-element_type=\"widget\" data-widget_type=\"button.default\">\n\t\t\t\t<div class=\"elementor-widget-container\">\n\t\t\t\t\t\t\t\t\t<div class=\"elementor-button-wrapper\">\n\t\t\t\t\t<a class=\"elementor-button elementor-button-link elementor-size-sm\" href=\"https:\/\/gmovilsas.com.co\/wp-content\/uploads\/2025\/02\/2025-01-039563-AVISO-ADMISION-REORGANIZACION-GMOVIL-SAS.pdf\" target=\"_blank\">\n\t\t\t\t\t\t<span class=\"elementor-button-content-wrapper\">\n\t\t\t\t\t\t\t\t\t<span class=\"elementor-button-text\">Descargar aqu\u00ed<\/span>\n\t\t\t\t\t<\/span>\n\t\t\t\t\t<\/a>\n\t\t\t\t<\/div>\n\t\t\t\t\t\t\t\t<\/div>\n\t\t\t\t<\/div>\n\t\t\t\t<\/div>\n\t\t\t\t\t<\/div>\n\t\t\t\t<\/div>\n\t\t\t\t\t<\/div>\n\t\t\t\t<\/div>\n\t\t<div class=\"elementor-element elementor-element-4b1f852 e-flex e-con-boxed e-con e-parent\" data-id=\"4b1f852\" data-element_type=\"container\">\n\t\t\t\t\t<div class=\"e-con-inner\">\n\t\t<div class=\"elementor-element elementor-element-1566e68 e-flex e-con-boxed e-con e-child\" data-id=\"1566e68\" data-element_type=\"container\">\n\t\t\t\t\t<div class=\"e-con-inner\">\n\t\t<div class=\"elementor-element elementor-element-5f97260 e-con-full e-flex e-con e-child\" data-id=\"5f97260\" data-element_type=\"container\">\n\t\t\t\t<div class=\"elementor-element elementor-element-1782dab elementor-view-default elementor-widget elementor-widget-icon\" data-id=\"1782dab\" data-element_type=\"widget\" data-widget_type=\"icon.default\">\n\t\t\t\t<div class=\"elementor-widget-container\">\n\t\t\t\t\t\t\t<div class=\"elementor-icon-wrapper\">\n\t\t\t<div class=\"elementor-icon\">\n\t\t\t<svg aria-hidden=\"true\" class=\"e-font-icon-svg e-far-arrow-alt-circle-down\" viewBox=\"0 0 512 512\" xmlns=\"http:\/\/www.w3.org\/2000\/svg\"><path d=\"M256 8C119 8 8 119 8 256s111 248 248 248 248-111 248-248S393 8 256 8zm0 448c-110.5 0-200-89.5-200-200S145.5 56 256 56s200 89.5 200 200-89.5 200-200 200zm-32-316v116h-67c-10.7 0-16 12.9-8.5 20.5l99 99c4.7 4.7 12.3 4.7 17 0l99-99c7.6-7.6 2.2-20.5-8.5-20.5h-67V140c0-6.6-5.4-12-12-12h-40c-6.6 0-12 5.4-12 12z\"><\/path><\/svg>\t\t\t<\/div>\n\t\t<\/div>\n\t\t\t\t\t\t<\/div>\n\t\t\t\t<\/div>\n\t\t\t\t<\/div>\n\t\t<div class=\"elementor-element elementor-element-9d363ba e-con-full e-flex e-con e-child\" data-id=\"9d363ba\" data-element_type=\"container\">\n\t\t\t\t<div class=\"elementor-element elementor-element-956de43 elementor-widget elementor-widget-text-editor\" data-id=\"956de43\" data-element_type=\"widget\" data-widget_type=\"text-editor.default\">\n\t\t\t\t<div class=\"elementor-widget-container\">\n\t\t\t\t\t\t\t\t\t<p><strong>Traslado de proyecto de calificaci\u00f3n y graduaci\u00f3n de cr\u00e9ditos y derechos de Voto<\/strong><\/p>\t\t\t\t\t\t\t\t<\/div>\n\t\t\t\t<\/div>\n\t\t\t\t<\/div>\n\t\t<div class=\"elementor-element elementor-element-8a41a30 e-con-full e-flex e-con e-child\" data-id=\"8a41a30\" data-element_type=\"container\">\n\t\t\t\t<div class=\"elementor-element elementor-element-eb0027e elementor-align-left elementor-widget elementor-widget-button\" data-id=\"eb0027e\" data-element_type=\"widget\" data-widget_type=\"button.default\">\n\t\t\t\t<div class=\"elementor-widget-container\">\n\t\t\t\t\t\t\t\t\t<div class=\"elementor-button-wrapper\">\n\t\t\t\t\t<a class=\"elementor-button elementor-button-link elementor-size-sm\" href=\"https:\/\/gmovilsas.com.co\/wp-content\/uploads\/2025\/05\/Traslado-de-proyecto-de-calificacion-y-graduacion-de-creditos-y-derechos-de-Voto.pdf\" target=\"_blank\">\n\t\t\t\t\t\t<span class=\"elementor-button-content-wrapper\">\n\t\t\t\t\t\t\t\t\t<span class=\"elementor-button-text\">Descargar aqu\u00ed<\/span>\n\t\t\t\t\t<\/span>\n\t\t\t\t\t<\/a>\n\t\t\t\t<\/div>\n\t\t\t\t\t\t\t\t<\/div>\n\t\t\t\t<\/div>\n\t\t\t\t<\/div>\n\t\t\t\t\t<\/div>\n\t\t\t\t<\/div>\n\t\t<div class=\"elementor-element elementor-element-cc0a2a4 e-con-full e-flex e-con e-child\" data-id=\"cc0a2a4\" data-element_type=\"container\">\n\t\t<div class=\"elementor-element elementor-element-86db274 e-flex e-con-boxed e-con e-child\" data-id=\"86db274\" data-element_type=\"container\">\n\t\t\t\t\t<div class=\"e-con-inner\">\n\t\t<div class=\"elementor-element elementor-element-017a749 e-con-full e-flex e-con e-child\" data-id=\"017a749\" data-element_type=\"container\">\n\t\t\t\t<div class=\"elementor-element elementor-element-adf72c5 elementor-view-default elementor-widget elementor-widget-icon\" data-id=\"adf72c5\" data-element_type=\"widget\" data-widget_type=\"icon.default\">\n\t\t\t\t<div class=\"elementor-widget-container\">\n\t\t\t\t\t\t\t<div class=\"elementor-icon-wrapper\">\n\t\t\t<div class=\"elementor-icon\">\n\t\t\t<svg aria-hidden=\"true\" class=\"e-font-icon-svg e-far-arrow-alt-circle-down\" viewBox=\"0 0 512 512\" xmlns=\"http:\/\/www.w3.org\/2000\/svg\"><path d=\"M256 8C119 8 8 119 8 256s111 248 248 248 248-111 248-248S393 8 256 8zm0 448c-110.5 0-200-89.5-200-200S145.5 56 256 56s200 89.5 200 200-89.5 200-200 200zm-32-316v116h-67c-10.7 0-16 12.9-8.5 20.5l99 99c4.7 4.7 12.3 4.7 17 0l99-99c7.6-7.6 2.2-20.5-8.5-20.5h-67V140c0-6.6-5.4-12-12-12h-40c-6.6 0-12 5.4-12 12z\"><\/path><\/svg>\t\t\t<\/div>\n\t\t<\/div>\n\t\t\t\t\t\t<\/div>\n\t\t\t\t<\/div>\n\t\t\t\t<\/div>\n\t\t<div class=\"elementor-element elementor-element-b8e9a02 e-con-full e-flex e-con e-child\" data-id=\"b8e9a02\" data-element_type=\"container\">\n\t\t\t\t<div class=\"elementor-element elementor-element-b216d74 elementor-widget elementor-widget-text-editor\" data-id=\"b216d74\" data-element_type=\"widget\" data-widget_type=\"text-editor.default\">\n\t\t\t\t<div class=\"elementor-widget-container\">\n\t\t\t\t\t\t\t\t\t<p><strong>Traslado Inventario de Bienes<\/strong><\/p>\t\t\t\t\t\t\t\t<\/div>\n\t\t\t\t<\/div>\n\t\t\t\t<\/div>\n\t\t<div class=\"elementor-element elementor-element-52a41ab e-con-full e-flex e-con e-child\" data-id=\"52a41ab\" data-element_type=\"container\">\n\t\t\t\t<div class=\"elementor-element elementor-element-730b2b2 elementor-align-left elementor-widget elementor-widget-button\" data-id=\"730b2b2\" data-element_type=\"widget\" data-widget_type=\"button.default\">\n\t\t\t\t<div class=\"elementor-widget-container\">\n\t\t\t\t\t\t\t\t\t<div class=\"elementor-button-wrapper\">\n\t\t\t\t\t<a class=\"elementor-button elementor-button-link elementor-size-sm\" href=\"https:\/\/gmovilsas.com.co\/wp-content\/uploads\/2025\/05\/Traslado-Inventario-de-Bienes.pdf\" target=\"_blank\">\n\t\t\t\t\t\t<span class=\"elementor-button-content-wrapper\">\n\t\t\t\t\t\t\t\t\t<span class=\"elementor-button-text\">Descargar aqu\u00ed<\/span>\n\t\t\t\t\t<\/span>\n\t\t\t\t\t<\/a>\n\t\t\t\t<\/div>\n\t\t\t\t\t\t\t\t<\/div>\n\t\t\t\t<\/div>\n\t\t\t\t<\/div>\n\t\t\t\t\t<\/div>\n\t\t\t\t<\/div>\n\t\t\t\t<\/div>\n\t\t\t\t\t<\/div>\n\t\t\t\t<\/div>\n\t\t\t\t<\/div>\n\t\t","protected":false},"excerpt":{"rendered":"<p>Nuestra nueva etapa en Gm\u00f3vil comienza Para asegurar la sostenibilidad de nuestra operaci\u00f3n, hemos decidido iniciar un proceso de reorganizaci\u00f3n empresarial. Esta decisi\u00f3n nos permitir\u00e1 reestructurar nuestras deudas, garantizar la continuidad del servicio que ofrecemos a nuestros usuarios y proteger el bienestar de todos en Gm\u00f3vil.\u00a0 Estamos seguros de que esta es la mejor decisi\u00f3n [&hellip;]<\/p>\n","protected":false},"author":1,"featured_media":0,"parent":0,"menu_order":0,"comment_status":"closed","ping_status":"closed","template":"","meta":{"footnotes":""},"class_list":["post-19","page","type-page","status-publish","hentry"],"_links":{"self":[{"href":"https:\/\/gmovilsas.com.co\/index.php\/wp-json\/wp\/v2\/pages\/19","targetHints":{"allow":["GET"]}}],"collection":[{"href":"https:\/\/gmovilsas.com.co\/index.php\/wp-json\/wp\/v2\/pages"}],"about":[{"href":"https:\/\/gmovilsas.com.co\/index.php\/wp-json\/wp\/v2\/types\/page"}],"author":[{"embeddable":true,"href":"https:\/\/gmovilsas.com.co\/index.php\/wp-json\/wp\/v2\/users\/1"}],"replies":[{"embeddable":true,"href":"https:\/\/gmovilsas.com.co\/index.php\/wp-json\/wp\/v2\/comments?post=19"}],"version-history":[{"count":29,"href":"https:\/\/gmovilsas.com.co\/index.php\/wp-json\/wp\/v2\/pages\/19\/revisions"}],"predecessor-version":[{"id":2348,"href":"https:\/\/gmovilsas.com.co\/index.php\/wp-json\/wp\/v2\/pages\/19\/revisions\/2348"}],"wp:attachment":[{"href":"https:\/\/gmovilsas.com.co\/index.php\/wp-json\/wp\/v2\/media?parent=19"}],"curies":[{"name":"wp","href":"https:\/\/api.w.org\/{rel}","templated":true}]}}