{"id":2136,"date":"2025-02-04T15:18:12","date_gmt":"2025-02-04T15:18:12","guid":{"rendered":"https:\/\/gmovilsas.com.co\/?page_id=2136"},"modified":"2025-02-04T15:29:50","modified_gmt":"2025-02-04T15:29:50","slug":"pqrs","status":"publish","type":"page","link":"https:\/\/gmovilsas.com.co\/index.php\/pqrs\/","title":{"rendered":"PQRS"},"content":{"rendered":"\t\t<div data-elementor-type=\"wp-page\" data-elementor-id=\"2136\" class=\"elementor elementor-2136\">\n\t\t\t\t<div class=\"elementor-element elementor-element-6235023 e-con-full e-flex e-con e-parent\" data-id=\"6235023\" data-element_type=\"container\" data-settings=\"{&quot;background_background&quot;:&quot;classic&quot;}\">\n\t\t<div class=\"elementor-element elementor-element-a381720 e-con-full e-flex e-con e-child\" data-id=\"a381720\" data-element_type=\"container\">\n\t\t\t\t<div class=\"elementor-element elementor-element-57a795a elementor-widget elementor-widget-image\" data-id=\"57a795a\" data-element_type=\"widget\" data-widget_type=\"image.default\">\n\t\t\t\t<div class=\"elementor-widget-container\">\n\t\t\t\t\t\t\t\t\t\t\t\t\t\t\t<img fetchpriority=\"high\" decoding=\"async\" width=\"800\" height=\"732\" src=\"https:\/\/gmovilsas.com.co\/wp-content\/uploads\/2025\/02\/PQRs.png\" class=\"attachment-large size-large wp-image-2138\" alt=\"\" \/>\t\t\t\t\t\t\t\t\t\t\t\t\t\t\t<\/div>\n\t\t\t\t<\/div>\n\t\t\t\t<\/div>\n\t\t<div class=\"elementor-element elementor-element-b68ffce e-con-full e-flex e-con e-child\" data-id=\"b68ffce\" data-element_type=\"container\" data-settings=\"{&quot;background_background&quot;:&quot;classic&quot;}\">\n\t\t<div class=\"elementor-element elementor-element-be2dbfd e-flex e-con-boxed e-con e-child\" data-id=\"be2dbfd\" data-element_type=\"container\">\n\t\t\t\t\t<div class=\"e-con-inner\">\n\t\t\t\t<div class=\"elementor-element elementor-element-772bc7b elementor-widget elementor-widget-heading\" data-id=\"772bc7b\" data-element_type=\"widget\" data-widget_type=\"heading.default\">\n\t\t\t\t<div class=\"elementor-widget-container\">\n\t\t\t\t\t<h1 class=\"elementor-heading-title elementor-size-default\"><b>\u00bfNecesitas reportar una <\/b><i>PQRS?<\/i><\/h1>\t\t\t\t<\/div>\n\t\t\t\t<\/div>\n\t\t\t\t<div class=\"elementor-element elementor-element-b5c6e1f elementor-widget elementor-widget-text-editor\" data-id=\"b5c6e1f\" data-element_type=\"widget\" data-widget_type=\"text-editor.default\">\n\t\t\t\t<div class=\"elementor-widget-container\">\n\t\t\t\t\t\t\t\t\t<p>Recuerda que en los siguientes canales oficiales, puedes notificar tus Peticiones, Quejas, Reclamos y Sugerencias.<\/p>\n<p><b>Pagina de la Alcald\u00eda de Bogot\u00e1:<\/b> Bogot\u00e1 te escucha.<\/p>\n<p><b>L\u00ednea Distrital:<\/b> 195<\/p>\n<p><b>Personalmente:<\/b> Sede administrativa de Transmilenio S.A., Ubicado en el Edificio Elemento, Torre 1, piso 2\u00b0, Avenida El Dorado # 69-76 Bogot\u00e1.<\/p>\n<p><b>Hora:<\/b> 7:00 a.m. a 4:30 p.m.<\/p>\t\t\t\t\t\t\t\t<\/div>\n\t\t\t\t<\/div>\n\t\t\t\t\t<\/div>\n\t\t\t\t<\/div>\n\t\t\t\t<\/div>\n\t\t\t\t<\/div>\n\t\t<div class=\"elementor-element elementor-element-ee75d45 e-con-full e-flex e-con e-parent\" data-id=\"ee75d45\" data-element_type=\"container\">\n\t\t\t\t<div class=\"elementor-element elementor-element-078af08 elementor-hidden-desktop elementor-hidden-tablet elementor-widget elementor-widget-text-editor\" data-id=\"078af08\" data-element_type=\"widget\" data-widget_type=\"text-editor.default\">\n\t\t\t\t<div class=\"elementor-widget-container\">\n\t\t\t\t\t\t\t\t\t<h4 style=\"text-align: center;\">\u00a1En <span style=\"color: #97d700;\"><b>Gm\u00f3vil movilizamos<\/b><\/span> y hacemos que <span style=\"color: #4abcff;\"><b>los sue\u00f1os<\/b><\/span> y <span style=\"color: #ff6300;\"><b>oportunidades<\/b> <\/span><b>lleguen seguros a su destino!<\/b><\/h4>\t\t\t\t\t\t\t\t<\/div>\n\t\t\t\t<\/div>\n\t\t\t\t<\/div>\n\t\t<div class=\"elementor-element elementor-element-826cef3 elementor-hidden-mobile e-flex e-con-boxed e-con e-parent\" data-id=\"826cef3\" data-element_type=\"container\">\n\t\t\t\t\t<div class=\"e-con-inner\">\n\t\t\t\t<div class=\"elementor-element elementor-element-9356047 elementor-widget elementor-widget-text-editor\" data-id=\"9356047\" data-element_type=\"widget\" data-widget_type=\"text-editor.default\">\n\t\t\t\t<div class=\"elementor-widget-container\">\n\t\t\t\t\t\t\t\t\t<h1 style=\"text-align: center;\"><b>\u00a1En <span style=\"color: #97d700;\">Gm\u00f3vil movilizamos<\/span> y hacemos que <span style=\"color: #4abcff;\">los sue\u00f1os<\/span> y <span style=\"color: #ff6300;\">oportunidades <\/span>lleguen seguros a su destino!<\/b><\/h1>\t\t\t\t\t\t\t\t<\/div>\n\t\t\t\t<\/div>\n\t\t\t\t\t<\/div>\n\t\t\t\t<\/div>\n\t\t\t\t<\/div>\n\t\t","protected":false},"excerpt":{"rendered":"<p>\u00bfNecesitas reportar una PQRS? Recuerda que en los siguientes canales oficiales, puedes notificar tus Peticiones, Quejas, Reclamos y Sugerencias. Pagina de la Alcald\u00eda de Bogot\u00e1: Bogot\u00e1 te escucha. L\u00ednea Distrital: 195 Personalmente: Sede administrativa de Transmilenio S.A., Ubicado en el Edificio Elemento, Torre 1, piso 2\u00b0, Avenida El Dorado # 69-76 Bogot\u00e1. Hora: 7:00 a.m. [&hellip;]<\/p>\n","protected":false},"author":2,"featured_media":0,"parent":0,"menu_order":0,"comment_status":"closed","ping_status":"closed","template":"","meta":{"footnotes":""},"class_list":["post-2136","page","type-page","status-publish","hentry"],"_links":{"self":[{"href":"https:\/\/gmovilsas.com.co\/index.php\/wp-json\/wp\/v2\/pages\/2136","targetHints":{"allow":["GET"]}}],"collection":[{"href":"https:\/\/gmovilsas.com.co\/index.php\/wp-json\/wp\/v2\/pages"}],"about":[{"href":"https:\/\/gmovilsas.com.co\/index.php\/wp-json\/wp\/v2\/types\/page"}],"author":[{"embeddable":true,"href":"https:\/\/gmovilsas.com.co\/index.php\/wp-json\/wp\/v2\/users\/2"}],"replies":[{"embeddable":true,"href":"https:\/\/gmovilsas.com.co\/index.php\/wp-json\/wp\/v2\/comments?post=2136"}],"version-history":[{"count":10,"href":"https:\/\/gmovilsas.com.co\/index.php\/wp-json\/wp\/v2\/pages\/2136\/revisions"}],"predecessor-version":[{"id":2158,"href":"https:\/\/gmovilsas.com.co\/index.php\/wp-json\/wp\/v2\/pages\/2136\/revisions\/2158"}],"wp:attachment":[{"href":"https:\/\/gmovilsas.com.co\/index.php\/wp-json\/wp\/v2\/media?parent=2136"}],"curies":[{"name":"wp","href":"https:\/\/api.w.org\/{rel}","templated":true}]}}