{"id":702,"date":"2024-06-19T17:40:08","date_gmt":"2024-06-19T17:40:08","guid":{"rendered":"https:\/\/gmovilsas.com.co\/?page_id=702"},"modified":"2025-01-08T16:26:28","modified_gmt":"2025-01-08T16:26:28","slug":"nuestros-buses","status":"publish","type":"page","link":"https:\/\/gmovilsas.com.co\/index.php\/nuestros-buses\/","title":{"rendered":"Nuestros buses"},"content":{"rendered":"\t\t<div data-elementor-type=\"wp-page\" data-elementor-id=\"702\" class=\"elementor elementor-702\">\n\t\t\t\t<div class=\"elementor-element elementor-element-c6121cb e-con-full e-flex e-con e-parent\" data-id=\"c6121cb\" data-element_type=\"container\">\n\t\t<div class=\"elementor-element elementor-element-3baac66 e-con-full elementor-hidden-desktop elementor-hidden-tablet e-flex e-con e-child\" data-id=\"3baac66\" data-element_type=\"container\">\n\t\t\t\t<div class=\"elementor-element elementor-element-cfa53da elementor-widget__width-inherit elementor-hidden-desktop elementor-hidden-tablet elementor-widget elementor-widget-image\" data-id=\"cfa53da\" data-element_type=\"widget\" data-widget_type=\"image.default\">\n\t\t\t\t<div class=\"elementor-widget-container\">\n\t\t\t\t\t\t\t\t\t\t\t\t\t\t\t<img fetchpriority=\"high\" decoding=\"async\" width=\"745\" height=\"1024\" src=\"https:\/\/gmovilsas.com.co\/wp-content\/uploads\/2025\/01\/Banner_mobile_buses.png\" class=\"attachment-large size-large wp-image-1808\" alt=\"\" \/>\t\t\t\t\t\t\t\t\t\t\t\t\t\t\t<\/div>\n\t\t\t\t<\/div>\n\t\t\t\t<\/div>\n\t\t\t\t<\/div>\n\t\t<div class=\"elementor-element elementor-element-d9a7989 e-con-full elementor-hidden-mobile e-flex e-con e-parent\" data-id=\"d9a7989\" data-element_type=\"container\">\n\t\t\t\t<div class=\"elementor-element elementor-element-c8f2166 elementor-hidden-mobile elementor-widget elementor-widget-image\" data-id=\"c8f2166\" data-element_type=\"widget\" data-widget_type=\"image.default\">\n\t\t\t\t<div class=\"elementor-widget-container\">\n\t\t\t\t\t\t\t\t\t\t\t\t\t\t\t<img decoding=\"async\" width=\"3000\" height=\"1000\" src=\"https:\/\/gmovilsas.com.co\/wp-content\/uploads\/2024\/11\/BUSES.jpg\" class=\"attachment-full size-full wp-image-1125\" alt=\"\" \/>\t\t\t\t\t\t\t\t\t\t\t\t\t\t\t<\/div>\n\t\t\t\t<\/div>\n\t\t\t\t<\/div>\n\t\t<div class=\"elementor-element elementor-element-e01f502 e-flex e-con-boxed e-con e-parent\" data-id=\"e01f502\" data-element_type=\"container\">\n\t\t\t\t\t<div class=\"e-con-inner\">\n\t\t<div class=\"elementor-element elementor-element-d86eaf8 e-flex e-con-boxed e-con e-child\" data-id=\"d86eaf8\" data-element_type=\"container\">\n\t\t\t\t\t<div class=\"e-con-inner\">\n\t\t\t\t<div class=\"elementor-element elementor-element-84837d4 elementor-widget elementor-widget-text-editor\" data-id=\"84837d4\" data-element_type=\"widget\" data-widget_type=\"text-editor.default\">\n\t\t\t\t<div class=\"elementor-widget-container\">\n\t\t\t\t\t\t\t\t\t<p style=\"text-align: center;\">Nuestros <span style=\"color: #92d400;\">buses<\/span><\/p>\t\t\t\t\t\t\t\t<\/div>\n\t\t\t\t<\/div>\n\t\t\t\t\t<\/div>\n\t\t\t\t<\/div>\n\t\t\t\t\t<\/div>\n\t\t\t\t<\/div>\n\t\t<div class=\"elementor-element elementor-element-da4d8f5 e-con-full e-flex e-con e-parent\" data-id=\"da4d8f5\" data-element_type=\"container\">\n\t\t<div class=\"elementor-element elementor-element-0d84286 e-con-full e-flex e-con e-child\" data-id=\"0d84286\" data-element_type=\"container\">\n\t\t<div class=\"elementor-element elementor-element-2e2f278 e-con-full e-flex e-con e-child\" data-id=\"2e2f278\" data-element_type=\"container\">\n\t\t<div class=\"elementor-element elementor-element-947a379 e-con-full e-flex e-con e-child\" data-id=\"947a379\" data-element_type=\"container\" data-settings=\"{&quot;background_background&quot;:&quot;slideshow&quot;,&quot;background_slideshow_gallery&quot;:[{&quot;id&quot;:1182,&quot;url&quot;:&quot;https:\\\/\\\/gmovilsas.com.co\\\/wp-content\\\/uploads\\\/2024\\\/11\\\/zonal-01.jpg&quot;},{&quot;id&quot;:1183,&quot;url&quot;:&quot;https:\\\/\\\/gmovilsas.com.co\\\/wp-content\\\/uploads\\\/2024\\\/11\\\/zonal-02.jpg&quot;},{&quot;id&quot;:1184,&quot;url&quot;:&quot;https:\\\/\\\/gmovilsas.com.co\\\/wp-content\\\/uploads\\\/2024\\\/11\\\/zonal-03.jpg&quot;},{&quot;id&quot;:1185,&quot;url&quot;:&quot;https:\\\/\\\/gmovilsas.com.co\\\/wp-content\\\/uploads\\\/2024\\\/11\\\/zonal-04.jpg&quot;}],&quot;background_slideshow_loop&quot;:&quot;yes&quot;,&quot;background_slideshow_slide_duration&quot;:5000,&quot;background_slideshow_slide_transition&quot;:&quot;fade&quot;,&quot;background_slideshow_transition_duration&quot;:500}\">\n\t\t\t\t<\/div>\n\t\t<div class=\"elementor-element elementor-element-4fd6793 e-con-full e-flex e-con e-child\" data-id=\"4fd6793\" data-element_type=\"container\">\n\t\t\t\t<div class=\"elementor-element elementor-element-3aa9992 elementor-widget elementor-widget-heading\" data-id=\"3aa9992\" data-element_type=\"widget\" data-widget_type=\"heading.default\">\n\t\t\t\t<div class=\"elementor-widget-container\">\n\t\t\t\t\t<h2 class=\"elementor-heading-title elementor-size-default\">Tipolog\u00eda<\/h2>\t\t\t\t<\/div>\n\t\t\t\t<\/div>\n\t\t\t\t<div class=\"elementor-element elementor-element-5a51969 elementor-widget elementor-widget-heading\" data-id=\"5a51969\" data-element_type=\"widget\" data-widget_type=\"heading.default\">\n\t\t\t\t<div class=\"elementor-widget-container\">\n\t\t\t\t\t<h2 class=\"elementor-heading-title elementor-size-default\">Padr\u00f3n Bus Zonal<\/h2>\t\t\t\t<\/div>\n\t\t\t\t<\/div>\n\t\t\t\t<\/div>\n\t\t\t\t<\/div>\n\t\t<div class=\"elementor-element elementor-element-2cb38e5 e-con-full e-flex e-con e-child\" data-id=\"2cb38e5\" data-element_type=\"container\">\n\t\t<div class=\"elementor-element elementor-element-f7d67a1 e-con-full e-flex e-con e-child\" data-id=\"f7d67a1\" data-element_type=\"container\" data-settings=\"{&quot;background_background&quot;:&quot;slideshow&quot;,&quot;background_slideshow_gallery&quot;:[{&quot;id&quot;:1179,&quot;url&quot;:&quot;https:\\\/\\\/gmovilsas.com.co\\\/wp-content\\\/uploads\\\/2024\\\/11\\\/f-1-01-3.jpg&quot;},{&quot;id&quot;:1180,&quot;url&quot;:&quot;https:\\\/\\\/gmovilsas.com.co\\\/wp-content\\\/uploads\\\/2024\\\/11\\\/f-1-02-3.jpg&quot;},{&quot;id&quot;:1181,&quot;url&quot;:&quot;https:\\\/\\\/gmovilsas.com.co\\\/wp-content\\\/uploads\\\/2024\\\/11\\\/f-1-03-3.jpg&quot;}],&quot;background_slideshow_slide_duration&quot;:6000,&quot;background_slideshow_loop&quot;:&quot;yes&quot;,&quot;background_slideshow_slide_transition&quot;:&quot;fade&quot;,&quot;background_slideshow_transition_duration&quot;:500}\">\n\t\t\t\t<\/div>\n\t\t<div class=\"elementor-element elementor-element-0af281a e-con-full e-flex e-con e-child\" data-id=\"0af281a\" data-element_type=\"container\">\n\t\t\t\t<div class=\"elementor-element elementor-element-effcc62 elementor-widget elementor-widget-heading\" data-id=\"effcc62\" data-element_type=\"widget\" data-widget_type=\"heading.default\">\n\t\t\t\t<div class=\"elementor-widget-container\">\n\t\t\t\t\t<h2 class=\"elementor-heading-title elementor-size-default\">Tipolog\u00eda<\/h2>\t\t\t\t<\/div>\n\t\t\t\t<\/div>\n\t\t\t\t<div class=\"elementor-element elementor-element-77a1087 elementor-widget elementor-widget-heading\" data-id=\"77a1087\" data-element_type=\"widget\" data-widget_type=\"heading.default\">\n\t\t\t\t<div class=\"elementor-widget-container\">\n\t\t\t\t\t<h2 class=\"elementor-heading-title elementor-size-default\">Padr\u00f3n Alimentador<\/h2>\t\t\t\t<\/div>\n\t\t\t\t<\/div>\n\t\t\t\t<\/div>\n\t\t\t\t<\/div>\n\t\t<div class=\"elementor-element elementor-element-2d79f0c e-con-full e-flex e-con e-child\" data-id=\"2d79f0c\" data-element_type=\"container\">\n\t\t<div class=\"elementor-element elementor-element-47b71ea e-flex e-con-boxed e-con e-child\" data-id=\"47b71ea\" data-element_type=\"container\" data-settings=\"{&quot;background_background&quot;:&quot;slideshow&quot;,&quot;background_slideshow_gallery&quot;:[{&quot;id&quot;:1186,&quot;url&quot;:&quot;https:\\\/\\\/gmovilsas.com.co\\\/wp-content\\\/uploads\\\/2024\\\/11\\\/hibrido-01.jpg&quot;},{&quot;id&quot;:1187,&quot;url&quot;:&quot;https:\\\/\\\/gmovilsas.com.co\\\/wp-content\\\/uploads\\\/2024\\\/11\\\/hibrido-02.jpg&quot;},{&quot;id&quot;:1188,&quot;url&quot;:&quot;https:\\\/\\\/gmovilsas.com.co\\\/wp-content\\\/uploads\\\/2024\\\/11\\\/hibrido-03.jpg&quot;}],&quot;background_slideshow_slide_duration&quot;:7000,&quot;background_slideshow_loop&quot;:&quot;yes&quot;,&quot;background_slideshow_slide_transition&quot;:&quot;fade&quot;,&quot;background_slideshow_transition_duration&quot;:500}\">\n\t\t\t\t\t<div class=\"e-con-inner\">\n\t\t\t\t\t<\/div>\n\t\t\t\t<\/div>\n\t\t<div class=\"elementor-element elementor-element-00c786d e-con-full e-flex e-con e-child\" data-id=\"00c786d\" data-element_type=\"container\">\n\t\t\t\t<div class=\"elementor-element elementor-element-9e165fb elementor-widget elementor-widget-heading\" data-id=\"9e165fb\" data-element_type=\"widget\" data-widget_type=\"heading.default\">\n\t\t\t\t<div class=\"elementor-widget-container\">\n\t\t\t\t\t<h2 class=\"elementor-heading-title elementor-size-default\">Tipolog\u00eda<\/h2>\t\t\t\t<\/div>\n\t\t\t\t<\/div>\n\t\t\t\t<div class=\"elementor-element elementor-element-992eae0 elementor-widget elementor-widget-heading\" data-id=\"992eae0\" data-element_type=\"widget\" data-widget_type=\"heading.default\">\n\t\t\t\t<div class=\"elementor-widget-container\">\n\t\t\t\t\t<h2 class=\"elementor-heading-title elementor-size-default\">Padr\u00f3n H\u00edbrido Dual<\/h2>\t\t\t\t<\/div>\n\t\t\t\t<\/div>\n\t\t\t\t<\/div>\n\t\t\t\t<\/div>\n\t\t<div class=\"elementor-element elementor-element-754acd8 e-con-full e-flex e-con e-child\" data-id=\"754acd8\" data-element_type=\"container\">\n\t\t<div class=\"elementor-element elementor-element-ecfe176 e-con-full e-flex e-con e-child\" data-id=\"ecfe176\" data-element_type=\"container\" data-settings=\"{&quot;background_background&quot;:&quot;slideshow&quot;,&quot;background_slideshow_gallery&quot;:[{&quot;id&quot;:1179,&quot;url&quot;:&quot;https:\\\/\\\/gmovilsas.com.co\\\/wp-content\\\/uploads\\\/2024\\\/11\\\/f-1-01-3.jpg&quot;},{&quot;id&quot;:1180,&quot;url&quot;:&quot;https:\\\/\\\/gmovilsas.com.co\\\/wp-content\\\/uploads\\\/2024\\\/11\\\/f-1-02-3.jpg&quot;},{&quot;id&quot;:1181,&quot;url&quot;:&quot;https:\\\/\\\/gmovilsas.com.co\\\/wp-content\\\/uploads\\\/2024\\\/11\\\/f-1-03-3.jpg&quot;}],&quot;background_slideshow_slide_duration&quot;:8000,&quot;background_slideshow_loop&quot;:&quot;yes&quot;,&quot;background_slideshow_slide_transition&quot;:&quot;fade&quot;,&quot;background_slideshow_transition_duration&quot;:500}\">\n\t\t\t\t<\/div>\n\t\t<div class=\"elementor-element elementor-element-1084991 e-con-full e-flex e-con e-child\" data-id=\"1084991\" data-element_type=\"container\">\n\t\t\t\t<div class=\"elementor-element elementor-element-c9c9b06 elementor-widget elementor-widget-heading\" data-id=\"c9c9b06\" data-element_type=\"widget\" data-widget_type=\"heading.default\">\n\t\t\t\t<div class=\"elementor-widget-container\">\n\t\t\t\t\t<h2 class=\"elementor-heading-title elementor-size-default\">Tipolog\u00eda<\/h2>\t\t\t\t<\/div>\n\t\t\t\t<\/div>\n\t\t\t\t<div class=\"elementor-element elementor-element-0a3907a elementor-widget elementor-widget-heading\" data-id=\"0a3907a\" data-element_type=\"widget\" data-widget_type=\"heading.default\">\n\t\t\t\t<div class=\"elementor-widget-container\">\n\t\t\t\t\t<h2 class=\"elementor-heading-title elementor-size-default\">Bus Articulado<\/h2>\t\t\t\t<\/div>\n\t\t\t\t<\/div>\n\t\t\t\t<\/div>\n\t\t\t\t<\/div>\n\t\t<div class=\"elementor-element elementor-element-003afce e-con-full e-flex e-con e-child\" data-id=\"003afce\" data-element_type=\"container\">\n\t\t<div class=\"elementor-element elementor-element-5c02fc4 e-con-full e-flex e-con e-child\" data-id=\"5c02fc4\" data-element_type=\"container\" data-settings=\"{&quot;background_background&quot;:&quot;slideshow&quot;,&quot;background_slideshow_gallery&quot;:[{&quot;id&quot;:1189,&quot;url&quot;:&quot;https:\\\/\\\/gmovilsas.com.co\\\/wp-content\\\/uploads\\\/2024\\\/11\\\/biarticulado-01.jpg&quot;},{&quot;id&quot;:1190,&quot;url&quot;:&quot;https:\\\/\\\/gmovilsas.com.co\\\/wp-content\\\/uploads\\\/2024\\\/11\\\/biarticulado-02.jpg&quot;},{&quot;id&quot;:1191,&quot;url&quot;:&quot;https:\\\/\\\/gmovilsas.com.co\\\/wp-content\\\/uploads\\\/2024\\\/11\\\/biarticulado-03.jpg&quot;}],&quot;background_slideshow_slide_duration&quot;:9000,&quot;background_slideshow_loop&quot;:&quot;yes&quot;,&quot;background_slideshow_slide_transition&quot;:&quot;fade&quot;,&quot;background_slideshow_transition_duration&quot;:500}\">\n\t\t\t\t<\/div>\n\t\t<div class=\"elementor-element elementor-element-58d5e60 e-con-full e-flex e-con e-child\" data-id=\"58d5e60\" data-element_type=\"container\">\n\t\t\t\t<div class=\"elementor-element elementor-element-4c33669 elementor-widget elementor-widget-heading\" data-id=\"4c33669\" data-element_type=\"widget\" data-widget_type=\"heading.default\">\n\t\t\t\t<div class=\"elementor-widget-container\">\n\t\t\t\t\t<h2 class=\"elementor-heading-title elementor-size-default\">Tipolog\u00eda<\/h2>\t\t\t\t<\/div>\n\t\t\t\t<\/div>\n\t\t\t\t<div class=\"elementor-element elementor-element-0c52ee3 elementor-widget elementor-widget-heading\" data-id=\"0c52ee3\" data-element_type=\"widget\" data-widget_type=\"heading.default\">\n\t\t\t\t<div class=\"elementor-widget-container\">\n\t\t\t\t\t<h2 class=\"elementor-heading-title elementor-size-default\">Bus Biarticulado<\/h2>\t\t\t\t<\/div>\n\t\t\t\t<\/div>\n\t\t\t\t<\/div>\n\t\t\t\t<\/div>\n\t\t\t\t<\/div>\n\t\t\t\t<\/div>\n\t\t<div class=\"elementor-element elementor-element-0516044 e-con-full e-flex e-con e-parent\" data-id=\"0516044\" data-element_type=\"container\">\n\t\t<div class=\"elementor-element elementor-element-25cd0fe e-con-full e-flex e-con e-child\" data-id=\"25cd0fe\" data-element_type=\"container\">\n\t\t<div class=\"elementor-element elementor-element-14328b0 e-con-full e-flex e-con e-child\" data-id=\"14328b0\" data-element_type=\"container\">\n\t\t\t\t<div class=\"elementor-element elementor-element-a4c5bf2 elementor-widget elementor-widget-image\" data-id=\"a4c5bf2\" data-element_type=\"widget\" data-widget_type=\"image.default\">\n\t\t\t\t<div class=\"elementor-widget-container\">\n\t\t\t\t\t\t\t\t\t\t\t\t\t\t\t<img decoding=\"async\" width=\"800\" height=\"770\" src=\"https:\/\/gmovilsas.com.co\/wp-content\/uploads\/2024\/10\/CULTURA-12.png\" class=\"attachment-large size-large wp-image-1043\" alt=\"\" \/>\t\t\t\t\t\t\t\t\t\t\t\t\t\t\t<\/div>\n\t\t\t\t<\/div>\n\t\t\t\t<\/div>\n\t\t<div class=\"elementor-element elementor-element-9a4b485 e-con-full elementor-hidden-mobile e-flex e-con e-child\" data-id=\"9a4b485\" data-element_type=\"container\">\n\t\t\t\t<div class=\"elementor-element elementor-element-e24101b elementor-widget elementor-widget-text-editor\" data-id=\"e24101b\" data-element_type=\"widget\" data-widget_type=\"text-editor.default\">\n\t\t\t\t<div class=\"elementor-widget-container\">\n\t\t\t\t\t\t\t\t\t<p><b>\u00a1En<\/b> <span style=\"color: #97d700;\">Gm\u00f3vil<\/span>, <span style=\"color: #ff6300;\">somos gente<\/span> que <span style=\"color: #44bcff;\">mueve gente!<\/span><\/p>\t\t\t\t\t\t\t\t<\/div>\n\t\t\t\t<\/div>\n\t\t\t\t<\/div>\n\t\t<div class=\"elementor-element elementor-element-65222c3 e-con-full e-flex e-con e-child\" data-id=\"65222c3\" data-element_type=\"container\">\n\t\t\t\t<div class=\"elementor-element elementor-element-1175912 elementor-hidden-desktop elementor-hidden-tablet elementor-widget elementor-widget-text-editor\" data-id=\"1175912\" data-element_type=\"widget\" data-widget_type=\"text-editor.default\">\n\t\t\t\t<div class=\"elementor-widget-container\">\n\t\t\t\t\t\t\t\t\t<p><b>\u00a1En<\/b> <span style=\"color: #97d700;\">Gm\u00f3vil<\/span>, <span style=\"color: #ff6300;\">somos gente<\/span> que <span style=\"color: #44bcff;\">mueve gente!<\/span><\/p>\t\t\t\t\t\t\t\t<\/div>\n\t\t\t\t<\/div>\n\t\t\t\t<\/div>\n\t\t\t\t<\/div>\n\t\t\t\t<\/div>\n\t\t\t\t<\/div>\n\t\t","protected":false},"excerpt":{"rendered":"<p>Nuestros buses Tipolog\u00eda Padr\u00f3n Bus Zonal Tipolog\u00eda Padr\u00f3n Alimentador Tipolog\u00eda Padr\u00f3n H\u00edbrido Dual Tipolog\u00eda Bus Articulado Tipolog\u00eda Bus Biarticulado \u00a1En Gm\u00f3vil, somos gente que mueve gente! \u00a1En Gm\u00f3vil, somos gente que mueve gente!<\/p>\n","protected":false},"author":2,"featured_media":0,"parent":0,"menu_order":0,"comment_status":"closed","ping_status":"closed","template":"","meta":{"footnotes":""},"class_list":["post-702","page","type-page","status-publish","hentry"],"_links":{"self":[{"href":"https:\/\/gmovilsas.com.co\/index.php\/wp-json\/wp\/v2\/pages\/702","targetHints":{"allow":["GET"]}}],"collection":[{"href":"https:\/\/gmovilsas.com.co\/index.php\/wp-json\/wp\/v2\/pages"}],"about":[{"href":"https:\/\/gmovilsas.com.co\/index.php\/wp-json\/wp\/v2\/types\/page"}],"author":[{"embeddable":true,"href":"https:\/\/gmovilsas.com.co\/index.php\/wp-json\/wp\/v2\/users\/2"}],"replies":[{"embeddable":true,"href":"https:\/\/gmovilsas.com.co\/index.php\/wp-json\/wp\/v2\/comments?post=702"}],"version-history":[{"count":123,"href":"https:\/\/gmovilsas.com.co\/index.php\/wp-json\/wp\/v2\/pages\/702\/revisions"}],"predecessor-version":[{"id":1811,"href":"https:\/\/gmovilsas.com.co\/index.php\/wp-json\/wp\/v2\/pages\/702\/revisions\/1811"}],"wp:attachment":[{"href":"https:\/\/gmovilsas.com.co\/index.php\/wp-json\/wp\/v2\/media?parent=702"}],"curies":[{"name":"wp","href":"https:\/\/api.w.org\/{rel}","templated":true}]}}